{"id":17,"date":"2024-06-07T08:43:00","date_gmt":"2024-06-07T08:43:00","guid":{"rendered":"https:\/\/www.casaruralelchato.com\/?page_id=17"},"modified":"2024-12-11T13:01:45","modified_gmt":"2024-12-11T13:01:45","slug":"que-hacer","status":"publish","type":"page","link":"https:\/\/www.casaruralelchato.com\/index.php\/que-hacer\/","title":{"rendered":"\u00bfQu\u00e9 hacer?"},"content":{"rendered":"<p>[et_pb_section fb_built=\u00bb1&#8243; admin_label=\u00bbHeader\u00bb _builder_version=\u00bb4.25.1&#8243; _module_preset=\u00bbdefault\u00bb background_color=\u00bb#D37643&#8243; background_image=\u00bbhttps:\/\/www.casaruralelchato.com\/wp-content\/uploads\/2024\/07\/Portell-de-Morella-y-Entorno.02-scaled.jpg\u00bb background_position=\u00bbtop_right\u00bb custom_padding=\u00bb12px||17px|||\u00bb collapsed=\u00bbon\u00bb global_colors_info=\u00bb{}\u00bb][et_pb_row _builder_version=\u00bb4.17.6&#8243; _module_preset=\u00bbdefault\u00bb custom_padding=\u00bb||67px|||\u00bb global_colors_info=\u00bb{}\u00bb][et_pb_column type=\u00bb4_4&#8243; _builder_version=\u00bb4.17.6&#8243; _module_preset=\u00bbdefault\u00bb global_colors_info=\u00bb{}\u00bb][et_pb_text _builder_version=\u00bb4.25.1&#8243; _module_preset=\u00bbc16985e1-e0d6-4022-964d-e2bfc04fa633&#8243; header_font=\u00bbManrope|700|||||||\u00bb header_text_color=\u00bb#FFFFFF\u00bb header_font_size=\u00bb75px\u00bb header_letter_spacing=\u00bb0.05em\u00bb header_line_height=\u00bb1.2em\u00bb header_font_size_tablet=\u00bb40px\u00bb header_font_size_phone=\u00bb24px\u00bb header_font_size_last_edited=\u00bbon|desktop\u00bb global_colors_info=\u00bb{}\u00bb]<\/p>\n<h1>Entorno y Experiencias<\/h1>\n<p>[\/et_pb_text][\/et_pb_column][\/et_pb_row][\/et_pb_section][et_pb_section fb_built=\u00bb1&#8243; admin_label=\u00bbEvents\u00bb _builder_version=\u00bb4.17.6&#8243; _module_preset=\u00bbdefault\u00bb collapsed=\u00bbon\u00bb global_colors_info=\u00bb{}\u00bb][et_pb_row column_structure=\u00bb1_2,1_2&#8243; make_equal=\u00bbon\u00bb custom_padding_last_edited=\u00bbon|tablet\u00bb _builder_version=\u00bb4.25.1&#8243; _module_preset=\u00bbdefault\u00bb background_color=\u00bbRGBA(255,255,255,0)\u00bb custom_padding_tablet=\u00bb||0px||false|false\u00bb custom_padding_phone=\u00bb||0px||false|false\u00bb global_colors_info=\u00bb{}\u00bb][et_pb_column type=\u00bb1_2&#8243; _builder_version=\u00bb4.25.1&#8243; _module_preset=\u00bbdefault\u00bb background_image=\u00bbhttps:\/\/www.casaruralelchato.com\/wp-content\/uploads\/2024\/07\/Les-ports.jpg\u00bb custom_padding=\u00bb15vw|20px|15vw|20px|true|true\u00bb link_option_url=\u00bbhttps:\/\/www.casaruralelchato.com\/index.php\/descubre-els-ports\/\u00bb global_colors_info=\u00bb{}\u00bb][et_pb_text _builder_version=\u00bb4.27.0&#8243; _module_preset=\u00bbaaa7c440-590a-4078-ae0c-0f3c699ac51c\u00bb header_font=\u00bb||||||||\u00bb header_3_font=\u00bbManrope|700|||||||\u00bb header_3_text_color=\u00bb#FFFFFF\u00bb header_3_font_size=\u00bb25px\u00bb header_3_line_height=\u00bb1.4em\u00bb positioning=\u00bbabsolute\u00bb position_origin_a=\u00bbcenter_center\u00bb text_orientation=\u00bbcenter\u00bb width=\u00bb90%\u00bb link_option_url=\u00bbhttps:\/\/www.elsports.es\/\u00bb header_3_font_size_tablet=\u00bb20px\u00bb header_3_font_size_phone=\u00bb16px\u00bb header_3_font_size_last_edited=\u00bbon|phone\u00bb global_colors_info=\u00bb{}\u00bb]<\/p>\n<h3>Descubre els Ports<\/h3>\n<p>[\/et_pb_text][\/et_pb_column][et_pb_column type=\u00bb1_2&#8243; _builder_version=\u00bb4.25.1&#8243; _module_preset=\u00bbdefault\u00bb background_image=\u00bbhttps:\/\/www.casaruralelchato.com\/wp-content\/uploads\/2024\/07\/Senderismo-Portell-de-morella-1-1-scaled.jpg\u00bb custom_padding=\u00bb15vw|20px|15vw|20px|true|true\u00bb link_option_url=\u00bbhttps:\/\/www.casaruralelchato.com\/index.php\/senderismo\/\u00bb global_colors_info=\u00bb{}\u00bb][et_pb_text _builder_version=\u00bb4.27.0&#8243; _module_preset=\u00bbaaa7c440-590a-4078-ae0c-0f3c699ac51c\u00bb header_font=\u00bb||||||||\u00bb header_3_font=\u00bbManrope|700|||||||\u00bb header_3_text_color=\u00bb#FFFFFF\u00bb header_3_font_size=\u00bb25px\u00bb header_3_line_height=\u00bb1.4em\u00bb positioning=\u00bbabsolute\u00bb position_origin_a=\u00bbcenter_center\u00bb text_orientation=\u00bbcenter\u00bb width=\u00bb90%\u00bb link_option_url=\u00bbhttps:\/\/www.casaruralelchato.com\/wp-content\/uploads\/2024\/12\/LA-VOLTA-A-ELS-PORTS-castellano-2023-WEB.pdf\u00bb header_3_font_size_tablet=\u00bb20px\u00bb header_3_font_size_phone=\u00bb16px\u00bb header_3_font_size_last_edited=\u00bbon|phone\u00bb locked=\u00bboff\u00bb global_colors_info=\u00bb{}\u00bb]<\/p>\n<h3>Senderismo<\/h3>\n<p>[\/et_pb_text][\/et_pb_column][\/et_pb_row][et_pb_row column_structure=\u00bb1_3,1_3,1_3&#8243; make_equal=\u00bbon\u00bb custom_padding_last_edited=\u00bbon|tablet\u00bb _builder_version=\u00bb4.27.0&#8243; _module_preset=\u00bbdefault\u00bb custom_padding_tablet=\u00bb||0px||false|false\u00bb custom_padding_phone=\u00bb||0px||false|false\u00bb hover_enabled=\u00bb0&#8243; global_colors_info=\u00bb{}\u00bb sticky_enabled=\u00bb0&#8243;][et_pb_column type=\u00bb1_3&#8243; _builder_version=\u00bb4.27.0&#8243; _module_preset=\u00bbdefault\u00bb use_background_color_gradient=\u00bbon\u00bb background_color_gradient_stops=\u00bbrgba(0,0,0,0.5) 0%|rgba(0,0,0,0.5) 100%\u00bb background_color_gradient_overlays_image=\u00bbon\u00bb background_image=\u00bbhttps:\/\/www.casaruralelchato.com\/wp-content\/uploads\/2024\/07\/BTT-Portell-de-Morella-scaled.jpg\u00bb background_position=\u00bbcenter_left\u00bb custom_padding=\u00bb10vw|20px|10vw|20px|true|true\u00bb link_option_url=\u00bbhttps:\/\/www.casaruralelchato.com\/index.php\/rutas-btt\/\u00bb hover_enabled=\u00bb0&#8243; global_colors_info=\u00bb{}\u00bb background_last_edited=\u00bbon|desktop\u00bb sticky_enabled=\u00bb0&#8243;][et_pb_text _builder_version=\u00bb4.27.0&#8243; _module_preset=\u00bbaaa7c440-590a-4078-ae0c-0f3c699ac51c\u00bb header_font=\u00bb||||||||\u00bb header_3_font=\u00bbManrope|700|||||||\u00bb header_3_text_color=\u00bb#FFFFFF\u00bb header_3_font_size=\u00bb25px\u00bb header_3_line_height=\u00bb1.4em\u00bb positioning=\u00bbabsolute\u00bb position_origin_a=\u00bbcenter_center\u00bb text_orientation=\u00bbcenter\u00bb width=\u00bb90%\u00bb link_option_url=\u00bbhttps:\/\/www.casaruralelchato.com\/wp-content\/uploads\/2024\/12\/guiabtt-elsports.pdf\u00bb hover_enabled=\u00bb0&#8243; header_3_font_size_tablet=\u00bb20px\u00bb header_3_font_size_phone=\u00bb16px\u00bb header_3_font_size_last_edited=\u00bbon|phone\u00bb global_colors_info=\u00bb{}\u00bb sticky_enabled=\u00bb0&#8243;]<\/p>\n<h3>BTT<\/h3>\n<p>[\/et_pb_text][\/et_pb_column][et_pb_column type=\u00bb1_3&#8243; _builder_version=\u00bb4.25.1&#8243; _module_preset=\u00bbdefault\u00bb use_background_color_gradient=\u00bbon\u00bb background_color_gradient_stops=\u00bbrgba(0,0,0,0.5) 0%|rgba(0,0,0,0.5) 100%\u00bb background_color_gradient_overlays_image=\u00bbon\u00bb background_image=\u00bbhttps:\/\/www.casaruralelchato.com\/wp-content\/uploads\/2024\/07\/Portell-de-Morella-padel-scaled.jpg\u00bb custom_padding=\u00bb10vw|20px|10vw|20px|true|true\u00bb link_option_url=\u00bbhttps:\/\/www.casaruralelchato.com\/index.php\/padel\/\u00bb global_colors_info=\u00bb{}\u00bb][et_pb_text _builder_version=\u00bb4.25.1&#8243; _module_preset=\u00bbaaa7c440-590a-4078-ae0c-0f3c699ac51c\u00bb header_font=\u00bb||||||||\u00bb header_3_font=\u00bbManrope|700|||||||\u00bb header_3_text_color=\u00bb#FFFFFF\u00bb header_3_font_size=\u00bb25px\u00bb header_3_line_height=\u00bb1.4em\u00bb positioning=\u00bbabsolute\u00bb position_origin_a=\u00bbcenter_center\u00bb text_orientation=\u00bbcenter\u00bb width=\u00bb90%\u00bb header_3_font_size_tablet=\u00bb20px\u00bb header_3_font_size_phone=\u00bb16px\u00bb header_3_font_size_last_edited=\u00bbon|phone\u00bb global_colors_info=\u00bb{}\u00bb]<\/p>\n<h3>P\u00e1del<\/h3>\n<p>[\/et_pb_text][\/et_pb_column][et_pb_column type=\u00bb1_3&#8243; _builder_version=\u00bb4.25.1&#8243; _module_preset=\u00bbdefault\u00bb use_background_color_gradient=\u00bbon\u00bb background_color_gradient_stops=\u00bbrgba(0,0,0,0.5) 0%|rgba(0,0,0,0.5) 100%\u00bb background_color_gradient_overlays_image=\u00bbon\u00bb background_image=\u00bbhttps:\/\/www.casaruralelchato.com\/wp-content\/uploads\/2024\/07\/Senderismo-Portell-de-morella&#8211;scaled.jpg\u00bb custom_padding=\u00bb10vw|20px|10vw|20px|true|true\u00bb link_option_url=\u00bbhttps:\/\/www.casaruralelchato.com\/index.php\/actividades\/\u00bb global_colors_info=\u00bb{}\u00bb][et_pb_text _builder_version=\u00bb4.27.0&#8243; _module_preset=\u00bbaaa7c440-590a-4078-ae0c-0f3c699ac51c\u00bb header_font=\u00bb||||||||\u00bb header_3_font=\u00bbManrope|700|||||||\u00bb header_3_text_color=\u00bb#FFFFFF\u00bb header_3_font_size=\u00bb25px\u00bb header_3_line_height=\u00bb1.4em\u00bb positioning=\u00bbabsolute\u00bb position_origin_a=\u00bbcenter_center\u00bb text_orientation=\u00bbcenter\u00bb width=\u00bb90%\u00bb link_option_url=\u00bbhttps:\/\/www.casaruralelchato.com\/wp-content\/uploads\/2024\/12\/GUIA-EXPERIENCIAS-CULTURA-2020-CAS-AF2.pdf\u00bb header_3_font_size_tablet=\u00bb20px\u00bb header_3_font_size_phone=\u00bb16px\u00bb header_3_font_size_last_edited=\u00bbon|phone\u00bb global_colors_info=\u00bb{}\u00bb]<\/p>\n<h3>Actividades<\/h3>\n<p>[\/et_pb_text][\/et_pb_column][\/et_pb_row][\/et_pb_section][et_pb_section fb_built=\u00bb1&#8243; admin_label=\u00bbCall to Action\u00bb _builder_version=\u00bb4.25.1&#8243; _module_preset=\u00bbdefault\u00bb background_color=\u00bb#008186&#8243; use_background_color_gradient=\u00bbon\u00bb background_color_gradient_direction=\u00bb150deg\u00bb background_color_gradient_stops=\u00bbrgba(0,129,134,0.45) 1%|#00090a 100%\u00bb background_color_gradient_overlays_image=\u00bbon\u00bb background_image=\u00bbhttps:\/\/www.casaruralelchato.com\/wp-content\/uploads\/2024\/07\/1_1_Panoramica_Portell.jpg\u00bb collapsed=\u00bbon\u00bb global_colors_info=\u00bb{}\u00bb][et_pb_row _builder_version=\u00bb4.17.6&#8243; _module_preset=\u00bbdefault\u00bb max_width=\u00bb860px\u00bb global_colors_info=\u00bb{}\u00bb][et_pb_column type=\u00bb4_4&#8243; _builder_version=\u00bb4.17.6&#8243; _module_preset=\u00bbdefault\u00bb global_colors_info=\u00bb{}\u00bb][et_pb_text _builder_version=\u00bb4.25.1&#8243; _module_preset=\u00bbb327cbe4-b1d5-4b66-ad37-40c8f2f061ba\u00bb header_2_font=\u00bbManrope|700|||||||\u00bb header_2_text_color=\u00bb#FFFFFF\u00bb header_2_font_size=\u00bb48px\u00bb header_2_line_height=\u00bb1.2em\u00bb text_orientation=\u00bbcenter\u00bb header_2_font_size_tablet=\u00bb32px\u00bb header_2_font_size_phone=\u00bb20px\u00bb header_2_font_size_last_edited=\u00bbon|desktop\u00bb global_colors_info=\u00bb{}\u00bb]<\/p>\n<h2>Descubre Portell en este v\u00eddeo\u00a0<\/h2>\n<p>[\/et_pb_text][et_pb_video src=\u00bbhttps:\/\/www.youtube.com\/watch?v=xaJuO0sdRK4&#8243; _builder_version=\u00bb4.25.1&#8243; _module_preset=\u00bbdefault\u00bb global_colors_info=\u00bb{}\u00bb][\/et_pb_video][\/et_pb_column][\/et_pb_row][\/et_pb_section][et_pb_section fb_built=\u00bb1&#8243; _builder_version=\u00bb4.27.0&#8243; _module_preset=\u00bbdefault\u00bb global_colors_info=\u00bb{}\u00bb][et_pb_row column_structure=\u00bb1_2,1_2&#8243; _builder_version=\u00bb4.27.0&#8243; _module_preset=\u00bbdefault\u00bb global_colors_info=\u00bb{}\u00bb][et_pb_column type=\u00bb1_2&#8243; _builder_version=\u00bb4.27.0&#8243; _module_preset=\u00bbdefault\u00bb global_colors_info=\u00bb{}\u00bb][et_pb_image src=\u00bbhttps:\/\/www.casaruralelchato.com\/wp-content\/uploads\/2024\/06\/logo.png\u00bb title_text=\u00bblogo\u00bb url=\u00bbhttps:\/\/www.comunitatvalenciana.com\/es\/castello-castellon\/portell-de-morella\u00bb align=\u00bbcenter\u00bb _builder_version=\u00bb4.27.0&#8243; _module_preset=\u00bbdefault\u00bb height=\u00bb108px\u00bb global_colors_info=\u00bb{}\u00bb][\/et_pb_image][\/et_pb_column][et_pb_column type=\u00bb1_2&#8243; _builder_version=\u00bb4.27.0&#8243; _module_preset=\u00bbdefault\u00bb global_colors_info=\u00bb{}\u00bb][et_pb_image src=\u00bbhttps:\/\/www.casaruralelchato.com\/wp-content\/uploads\/2024\/12\/images.png\u00bb title_text=\u00bbimages\u00bb url=\u00bbhttps:\/\/www.elsports.es\/folletos-de-els-ports\u00bb align=\u00bbcenter\u00bb _builder_version=\u00bb4.27.0&#8243; _module_preset=\u00bbdefault\u00bb height=\u00bb100px\u00bb global_colors_info=\u00bb{}\u00bb][\/et_pb_image][\/et_pb_column][\/et_pb_row][\/et_pb_section][et_pb_section fb_built=\u00bb1&#8243; fullwidth=\u00bbon\u00bb _builder_version=\u00bb4.27.0&#8243; _module_preset=\u00bbdefault\u00bb global_colors_info=\u00bb{}\u00bb][et_pb_fullwidth_image src=\u00bbhttps:\/\/www.casaruralelchato.com\/wp-content\/uploads\/2024\/12\/Portell-Tierra-de-Dinosaurios-.jpg\u00bb title_text=\u00bbPortell &#8211; Tierra de Dinosaurios\u00bb url=\u00bbhttps:\/\/www.terradedinosaures.es\/\u00bb _builder_version=\u00bb4.27.0&#8243; _module_preset=\u00bbdefault\u00bb global_colors_info=\u00bb{}\u00bb][\/et_pb_fullwidth_image][\/et_pb_section]<\/p>\n","protected":false},"excerpt":{"rendered":"<p>Entorno y ExperienciasDescubre els PortsSenderismoBTTP\u00e1delActividadesDescubre Portell en este v\u00eddeo\u00a0<\/p>\n","protected":false},"author":1,"featured_media":0,"parent":0,"menu_order":0,"comment_status":"closed","ping_status":"closed","template":"","meta":{"_et_pb_use_builder":"on","_et_pb_old_content":"<!-- wp:divi\/placeholder \/-->","_et_gb_content_width":"","footnotes":""},"class_list":["post-17","page","type-page","status-publish","hentry"],"yoast_head":"<!-- This site is optimized with the Yoast SEO plugin v27.4 - https:\/\/yoast.com\/product\/yoast-seo-wordpress\/ -->\n<title>\u00bfQu\u00e9 hacer? - Casa Rural el Chato<\/title>\n<meta name=\"robots\" content=\"index, follow, max-snippet:-1, max-image-preview:large, max-video-preview:-1\" \/>\n<link rel=\"canonical\" href=\"https:\/\/www.casaruralelchato.com\/index.php\/que-hacer\/\" \/>\n<meta property=\"og:locale\" content=\"es_ES\" \/>\n<meta property=\"og:type\" content=\"article\" \/>\n<meta property=\"og:title\" content=\"\u00bfQu\u00e9 hacer? - Casa Rural el Chato\" \/>\n<meta property=\"og:description\" content=\"Entorno y ExperienciasDescubre els PortsSenderismoBTTP\u00e1delActividadesDescubre Portell en este v\u00eddeo\u00a0\" \/>\n<meta property=\"og:url\" content=\"https:\/\/www.casaruralelchato.com\/index.php\/que-hacer\/\" \/>\n<meta property=\"og:site_name\" content=\"Casa Rural el Chato\" \/>\n<meta property=\"article:modified_time\" content=\"2024-12-11T13:01:45+00:00\" \/>\n<meta name=\"twitter:card\" content=\"summary_large_image\" \/>\n<meta name=\"twitter:label1\" content=\"Tiempo de lectura\" \/>\n\t<meta name=\"twitter:data1\" content=\"6 minutos\" \/>\n<script type=\"application\/ld+json\" class=\"yoast-schema-graph\">{\"@context\":\"https:\\\/\\\/schema.org\",\"@graph\":[{\"@type\":\"WebPage\",\"@id\":\"https:\\\/\\\/www.casaruralelchato.com\\\/index.php\\\/que-hacer\\\/\",\"url\":\"https:\\\/\\\/www.casaruralelchato.com\\\/index.php\\\/que-hacer\\\/\",\"name\":\"\u00bfQu\u00e9 hacer? - Casa Rural el Chato\",\"isPartOf\":{\"@id\":\"https:\\\/\\\/www.casaruralelchato.com\\\/#website\"},\"datePublished\":\"2024-06-07T08:43:00+00:00\",\"dateModified\":\"2024-12-11T13:01:45+00:00\",\"breadcrumb\":{\"@id\":\"https:\\\/\\\/www.casaruralelchato.com\\\/index.php\\\/que-hacer\\\/#breadcrumb\"},\"inLanguage\":\"es\",\"potentialAction\":[{\"@type\":\"ReadAction\",\"target\":[\"https:\\\/\\\/www.casaruralelchato.com\\\/index.php\\\/que-hacer\\\/\"]}]},{\"@type\":\"BreadcrumbList\",\"@id\":\"https:\\\/\\\/www.casaruralelchato.com\\\/index.php\\\/que-hacer\\\/#breadcrumb\",\"itemListElement\":[{\"@type\":\"ListItem\",\"position\":1,\"name\":\"Portada\",\"item\":\"https:\\\/\\\/www.casaruralelchato.com\\\/\"},{\"@type\":\"ListItem\",\"position\":2,\"name\":\"\u00bfQu\u00e9 hacer?\"}]},{\"@type\":\"WebSite\",\"@id\":\"https:\\\/\\\/www.casaruralelchato.com\\\/#website\",\"url\":\"https:\\\/\\\/www.casaruralelchato.com\\\/\",\"name\":\"Casa Rural el Chato\",\"description\":\"Casa Rural en Portell de Morella\",\"publisher\":{\"@id\":\"https:\\\/\\\/www.casaruralelchato.com\\\/#organization\"},\"potentialAction\":[{\"@type\":\"SearchAction\",\"target\":{\"@type\":\"EntryPoint\",\"urlTemplate\":\"https:\\\/\\\/www.casaruralelchato.com\\\/?s={search_term_string}\"},\"query-input\":{\"@type\":\"PropertyValueSpecification\",\"valueRequired\":true,\"valueName\":\"search_term_string\"}}],\"inLanguage\":\"es\"},{\"@type\":\"Organization\",\"@id\":\"https:\\\/\\\/www.casaruralelchato.com\\\/#organization\",\"name\":\"Casa Rural el Chato\",\"url\":\"https:\\\/\\\/www.casaruralelchato.com\\\/\",\"logo\":{\"@type\":\"ImageObject\",\"inLanguage\":\"es\",\"@id\":\"https:\\\/\\\/www.casaruralelchato.com\\\/#\\\/schema\\\/logo\\\/image\\\/\",\"url\":\"https:\\\/\\\/www.casaruralelchato.com\\\/wp-content\\\/uploads\\\/2024\\\/07\\\/cropped-hotel-rural.png\",\"contentUrl\":\"https:\\\/\\\/www.casaruralelchato.com\\\/wp-content\\\/uploads\\\/2024\\\/07\\\/cropped-hotel-rural.png\",\"width\":512,\"height\":512,\"caption\":\"Casa Rural el Chato\"},\"image\":{\"@id\":\"https:\\\/\\\/www.casaruralelchato.com\\\/#\\\/schema\\\/logo\\\/image\\\/\"}}]}<\/script>\n<!-- \/ Yoast SEO plugin. -->","yoast_head_json":{"title":"\u00bfQu\u00e9 hacer? - Casa Rural el Chato","robots":{"index":"index","follow":"follow","max-snippet":"max-snippet:-1","max-image-preview":"max-image-preview:large","max-video-preview":"max-video-preview:-1"},"canonical":"https:\/\/www.casaruralelchato.com\/index.php\/que-hacer\/","og_locale":"es_ES","og_type":"article","og_title":"\u00bfQu\u00e9 hacer? - Casa Rural el Chato","og_description":"Entorno y ExperienciasDescubre els PortsSenderismoBTTP\u00e1delActividadesDescubre Portell en este v\u00eddeo\u00a0","og_url":"https:\/\/www.casaruralelchato.com\/index.php\/que-hacer\/","og_site_name":"Casa Rural el Chato","article_modified_time":"2024-12-11T13:01:45+00:00","twitter_card":"summary_large_image","twitter_misc":{"Tiempo de lectura":"6 minutos"},"schema":{"@context":"https:\/\/schema.org","@graph":[{"@type":"WebPage","@id":"https:\/\/www.casaruralelchato.com\/index.php\/que-hacer\/","url":"https:\/\/www.casaruralelchato.com\/index.php\/que-hacer\/","name":"\u00bfQu\u00e9 hacer? - Casa Rural el Chato","isPartOf":{"@id":"https:\/\/www.casaruralelchato.com\/#website"},"datePublished":"2024-06-07T08:43:00+00:00","dateModified":"2024-12-11T13:01:45+00:00","breadcrumb":{"@id":"https:\/\/www.casaruralelchato.com\/index.php\/que-hacer\/#breadcrumb"},"inLanguage":"es","potentialAction":[{"@type":"ReadAction","target":["https:\/\/www.casaruralelchato.com\/index.php\/que-hacer\/"]}]},{"@type":"BreadcrumbList","@id":"https:\/\/www.casaruralelchato.com\/index.php\/que-hacer\/#breadcrumb","itemListElement":[{"@type":"ListItem","position":1,"name":"Portada","item":"https:\/\/www.casaruralelchato.com\/"},{"@type":"ListItem","position":2,"name":"\u00bfQu\u00e9 hacer?"}]},{"@type":"WebSite","@id":"https:\/\/www.casaruralelchato.com\/#website","url":"https:\/\/www.casaruralelchato.com\/","name":"Casa Rural el Chato","description":"Casa Rural en Portell de Morella","publisher":{"@id":"https:\/\/www.casaruralelchato.com\/#organization"},"potentialAction":[{"@type":"SearchAction","target":{"@type":"EntryPoint","urlTemplate":"https:\/\/www.casaruralelchato.com\/?s={search_term_string}"},"query-input":{"@type":"PropertyValueSpecification","valueRequired":true,"valueName":"search_term_string"}}],"inLanguage":"es"},{"@type":"Organization","@id":"https:\/\/www.casaruralelchato.com\/#organization","name":"Casa Rural el Chato","url":"https:\/\/www.casaruralelchato.com\/","logo":{"@type":"ImageObject","inLanguage":"es","@id":"https:\/\/www.casaruralelchato.com\/#\/schema\/logo\/image\/","url":"https:\/\/www.casaruralelchato.com\/wp-content\/uploads\/2024\/07\/cropped-hotel-rural.png","contentUrl":"https:\/\/www.casaruralelchato.com\/wp-content\/uploads\/2024\/07\/cropped-hotel-rural.png","width":512,"height":512,"caption":"Casa Rural el Chato"},"image":{"@id":"https:\/\/www.casaruralelchato.com\/#\/schema\/logo\/image\/"}}]}},"_links":{"self":[{"href":"https:\/\/www.casaruralelchato.com\/index.php\/wp-json\/wp\/v2\/pages\/17","targetHints":{"allow":["GET"]}}],"collection":[{"href":"https:\/\/www.casaruralelchato.com\/index.php\/wp-json\/wp\/v2\/pages"}],"about":[{"href":"https:\/\/www.casaruralelchato.com\/index.php\/wp-json\/wp\/v2\/types\/page"}],"author":[{"embeddable":true,"href":"https:\/\/www.casaruralelchato.com\/index.php\/wp-json\/wp\/v2\/users\/1"}],"replies":[{"embeddable":true,"href":"https:\/\/www.casaruralelchato.com\/index.php\/wp-json\/wp\/v2\/comments?post=17"}],"version-history":[{"count":30,"href":"https:\/\/www.casaruralelchato.com\/index.php\/wp-json\/wp\/v2\/pages\/17\/revisions"}],"predecessor-version":[{"id":419,"href":"https:\/\/www.casaruralelchato.com\/index.php\/wp-json\/wp\/v2\/pages\/17\/revisions\/419"}],"wp:attachment":[{"href":"https:\/\/www.casaruralelchato.com\/index.php\/wp-json\/wp\/v2\/media?parent=17"}],"curies":[{"name":"wp","href":"https:\/\/api.w.org\/{rel}","templated":true}]}}